{"id":709,"date":"2023-08-08T07:57:34","date_gmt":"2023-08-08T07:57:34","guid":{"rendered":"https:\/\/demo.7iquid.tech\/basilico\/main\/?page_id=709"},"modified":"2026-03-24T14:09:21","modified_gmt":"2026-03-24T13:09:21","slug":"contact","status":"publish","type":"page","link":"https:\/\/www.agence-petit-gastronome.fr\/dev\/basilico\/contact\/","title":{"rendered":"Contact"},"content":{"rendered":"\t\t<div data-elementor-type=\"wp-page\" data-elementor-id=\"709\" class=\"elementor elementor-709\">\n\t\t\t\t        <section class=\"elementor-section elementor-top-section elementor-element elementor-element-8a4c18e elementor-section-boxed elementor-section-height-default elementor-section-height-default pxl-section-static-pos-no pxl-section-overflow-hidden-no\" data-id=\"8a4c18e\" data-element_type=\"section\">\n\n                \n                <div class=\"elementor-container elementor-column-gap-default \">\n                <div class=\"elementor-column elementor-col-100 elementor-top-column elementor-element elementor-element-5a2c060 pxl-column-element-default pxl-column-fullwidth-no\" data-id=\"5a2c060\" data-element_type=\"column\">\r\n        <div class=\"elementor-widget-wrap elementor-element-populated\">\r\n                            <section class=\"elementor-section elementor-inner-section elementor-element elementor-element-b9e1b99 elementor-section-boxed elementor-section-height-default elementor-section-height-default pxl-section-static-pos-no pxl-section-overflow-hidden-no\" data-id=\"b9e1b99\" data-element_type=\"section\">\n\n                \n                <div class=\"elementor-container elementor-column-gap-default \">\n                <div class=\"elementor-column elementor-col-33 elementor-inner-column elementor-element elementor-element-85dba03 pxl-column-element-default pxl-column-fullwidth-no\" data-id=\"85dba03\" data-element_type=\"column\">\r\n        <div class=\"elementor-widget-wrap elementor-element-populated\">\r\n                    \t\t<div class=\"elementor-element elementor-element-d1f2d50 elementor-view-stacked elementor-shape-circle elementor-position-block-start elementor-mobile-position-block-start elementor-widget elementor-widget-icon-box\" data-id=\"d1f2d50\" data-element_type=\"widget\" data-widget_type=\"icon-box.default\">\n\t\t\t\t\t\t\t<div class=\"elementor-icon-box-wrapper\">\n\n\t\t\t\t\t\t<div class=\"elementor-icon-box-icon\">\n\t\t\t\t<span  class=\"elementor-icon elementor-animation-shrink\">\n\t\t\t\t<i aria-hidden=\"true\" class=\"pxli pxli-phone-i\"><\/i>\t\t\t\t<\/span>\n\t\t\t<\/div>\n\t\t\t\n\t\t\t\t\t\t<div class=\"elementor-icon-box-content\">\n\n\t\t\t\t\t\t\t\t\t<h4 class=\"elementor-icon-box-title\">\n\t\t\t\t\t\t<span  >\n\t\t\t\t\t\t\tR\u00e9server\t\t\t\t\t\t<\/span>\n\t\t\t\t\t<\/h4>\n\t\t\t\t\n\t\t\t\t\n\t\t\t<\/div>\n\t\t\t\n\t\t<\/div>\n\t\t\t\t\t\t<\/div>\n\t\t\t\t<div class=\"elementor-element elementor-element-ce5bff7 elementor-widget elementor-widget-text-editor\" data-id=\"ce5bff7\" data-element_type=\"widget\" data-widget_type=\"text-editor.default\">\n\t\t\t\t\t\t\t\t\t<p>Par t\u00e9l\u00e9phone uniquement<br \/><a href=\"tel:+33467683138\">04 67 68 31 38<\/a><\/p>\t\t\t\t\t\t\t\t<\/div>\n\t\t                    <\/div>\r\n        <\/div>\r\n                <div class=\"elementor-column elementor-col-33 elementor-inner-column elementor-element elementor-element-a9fc5ea pxl-column-element-default pxl-column-fullwidth-no\" data-id=\"a9fc5ea\" data-element_type=\"column\">\r\n        <div class=\"elementor-widget-wrap elementor-element-populated\">\r\n                    \t\t<div class=\"elementor-element elementor-element-c376e78 elementor-view-stacked elementor-shape-circle elementor-position-block-start elementor-mobile-position-block-start elementor-widget elementor-widget-icon-box\" data-id=\"c376e78\" data-element_type=\"widget\" data-widget_type=\"icon-box.default\">\n\t\t\t\t\t\t\t<div class=\"elementor-icon-box-wrapper\">\n\n\t\t\t\t\t\t<div class=\"elementor-icon-box-icon\">\n\t\t\t\t<span  class=\"elementor-icon elementor-animation-shrink\">\n\t\t\t\t<svg aria-hidden=\"true\" class=\"e-font-icon-svg e-fas-map-marked-alt\" viewBox=\"0 0 576 512\" xmlns=\"http:\/\/www.w3.org\/2000\/svg\"><path d=\"M288 0c-69.59 0-126 56.41-126 126 0 56.26 82.35 158.8 113.9 196.02 6.39 7.54 17.82 7.54 24.2 0C331.65 284.8 414 182.26 414 126 414 56.41 357.59 0 288 0zm0 168c-23.2 0-42-18.8-42-42s18.8-42 42-42 42 18.8 42 42-18.8 42-42 42zM20.12 215.95A32.006 32.006 0 0 0 0 245.66v250.32c0 11.32 11.43 19.06 21.94 14.86L160 448V214.92c-8.84-15.98-16.07-31.54-21.25-46.42L20.12 215.95zM288 359.67c-14.07 0-27.38-6.18-36.51-16.96-19.66-23.2-40.57-49.62-59.49-76.72v182l192 64V266c-18.92 27.09-39.82 53.52-59.49 76.72-9.13 10.77-22.44 16.95-36.51 16.95zm266.06-198.51L416 224v288l139.88-55.95A31.996 31.996 0 0 0 576 426.34V176.02c0-11.32-11.43-19.06-21.94-14.86z\"><\/path><\/svg>\t\t\t\t<\/span>\n\t\t\t<\/div>\n\t\t\t\n\t\t\t\t\t\t<div class=\"elementor-icon-box-content\">\n\n\t\t\t\t\t\t\t\t\t<h4 class=\"elementor-icon-box-title\">\n\t\t\t\t\t\t<span  >\n\t\t\t\t\t\t\tAdresse\t\t\t\t\t\t<\/span>\n\t\t\t\t\t<\/h4>\n\t\t\t\t\n\t\t\t\t\n\t\t\t<\/div>\n\t\t\t\n\t\t<\/div>\n\t\t\t\t\t\t<\/div>\n\t\t\t\t<div class=\"elementor-element elementor-element-8a8463b elementor-widget elementor-widget-text-editor\" data-id=\"8a8463b\" data-element_type=\"widget\" data-widget_type=\"text-editor.default\">\n\t\t\t\t\t\t\t\t\t<a tabindex=\"0\" href=\"https:\/\/maps.app.goo.gl\/hw99nFYJqeLCJaxD7\">4 Boulevard Mar\u00e9chal Foch,<br>\n34250 Palavas-les-Flots<\/a>\t\t\t\t\t\t\t\t<\/div>\n\t\t                    <\/div>\r\n        <\/div>\r\n                <div class=\"elementor-column elementor-col-33 elementor-inner-column elementor-element elementor-element-0578c1f pxl-column-element-default pxl-column-fullwidth-no\" data-id=\"0578c1f\" data-element_type=\"column\">\r\n        <div class=\"elementor-widget-wrap elementor-element-populated\">\r\n                    \t\t<div class=\"elementor-element elementor-element-764eef6 elementor-view-stacked elementor-shape-circle elementor-position-block-start elementor-mobile-position-block-start elementor-widget elementor-widget-icon-box\" data-id=\"764eef6\" data-element_type=\"widget\" data-widget_type=\"icon-box.default\">\n\t\t\t\t\t\t\t<div class=\"elementor-icon-box-wrapper\">\n\n\t\t\t\t\t\t<div class=\"elementor-icon-box-icon\">\n\t\t\t\t<span  class=\"elementor-icon elementor-animation-shrink\">\n\t\t\t\t<i aria-hidden=\"true\" class=\"pxli pxli-hourglass\"><\/i>\t\t\t\t<\/span>\n\t\t\t<\/div>\n\t\t\t\n\t\t\t\t\t\t<div class=\"elementor-icon-box-content\">\n\n\t\t\t\t\t\t\t\t\t<h4 class=\"elementor-icon-box-title\">\n\t\t\t\t\t\t<span  >\n\t\t\t\t\t\t\tHoraires\t\t\t\t\t\t<\/span>\n\t\t\t\t\t<\/h4>\n\t\t\t\t\n\t\t\t\t\n\t\t\t<\/div>\n\t\t\t\n\t\t<\/div>\n\t\t\t\t\t\t<\/div>\n\t\t\t\t<div class=\"elementor-element elementor-element-755a854 elementor-hidden-mobile elementor-widget elementor-widget-text-editor\" data-id=\"755a854\" data-element_type=\"widget\" data-widget_type=\"text-editor.default\">\n\t\t\t\t\t\t\t\t\t<p>Mer au Sam : 12h &#8211; 13h30 &amp; 19h30 &#8211; 21h30<br \/>Dimanche :\u00a0 11h45 &#8211; 14h15<\/p>\t\t\t\t\t\t\t\t<\/div>\n\t\t\t\t<div class=\"elementor-element elementor-element-abff3ed elementor-hidden-desktop elementor-hidden-laptop elementor-hidden-tablet_extra elementor-hidden-tablet elementor-hidden-mobile_extra elementor-widget elementor-widget-text-editor\" data-id=\"abff3ed\" data-element_type=\"widget\" data-widget_type=\"text-editor.default\">\n\t\t\t\t\t\t\t\t\t<p>Du Mercredi au Samedi : <br \/>12h \u00e0 13h30 et de 19h30 \u00e0 21h30<br \/>Le Dimanche de 11h45 \u00e0 14h15<\/p>\t\t\t\t\t\t\t\t<\/div>\n\t\t                    <\/div>\r\n        <\/div>\r\n        \t\t\t<\/div>\n\t\t<\/section>\n\t\t\t\t<div class=\"elementor-element elementor-element-2ba6823 elementor-widget elementor-widget-google_maps\" data-id=\"2ba6823\" data-element_type=\"widget\" data-widget_type=\"google_maps.default\">\n\t\t\t\t\t\t\t<div class=\"elementor-custom-embed\">\n\t\t\t<iframe loading=\"lazy\"\n\t\t\t\t\tsrc=\"https:\/\/maps.google.com\/maps?q=Le%20saint%20georges%20palavas&#038;t=m&#038;z=13&#038;output=embed&#038;iwloc=near\"\n\t\t\t\t\ttitle=\"Le saint georges palavas\"\n\t\t\t\t\taria-label=\"Le saint georges palavas\"\n\t\t\t><\/iframe>\n\t\t<\/div>\n\t\t\t\t\t\t<\/div>\n\t\t                    <\/div>\r\n        <\/div>\r\n        \t\t\t<\/div>\n\t\t<\/section>\n\t\t        <section class=\"elementor-section elementor-top-section elementor-element elementor-element-0aff2e8 elementor-section-boxed elementor-section-height-default elementor-section-height-default pxl-section-static-pos-no pxl-section-overflow-hidden-no\" data-id=\"0aff2e8\" data-element_type=\"section\">\n\n                \n                <div class=\"elementor-container elementor-column-gap-default \">\n                <div class=\"elementor-column elementor-col-100 elementor-top-column elementor-element elementor-element-18d12fe pxl-column-element-default pxl-column-fullwidth-no\" data-id=\"18d12fe\" data-element_type=\"column\">\r\n        <div class=\"elementor-widget-wrap elementor-element-populated\">\r\n                    \t\t<div class=\"elementor-element elementor-element-b311047 elementor-widget elementor-widget-shortcode\" data-id=\"b311047\" data-element_type=\"widget\" data-widget_type=\"shortcode.default\">\n\t\t\t\t\t\t\t<div class=\"elementor-shortcode\"><div id=\"rr-booking\" class=\"rr-booking-wrap\">\n  <div class=\"rr-steps\">\n    <span class=\"rr-step active\" data-step=\"1\">1. Date & Heure<\/span>\n    <span class=\"rr-step\" data-step=\"2\">2. Table<\/span>\n    <span class=\"rr-step\" data-step=\"3\">3. Vos infos<\/span>\n    <span class=\"rr-step\" data-step=\"4\">4. Confirmation<\/span>\n  <\/div>\n\n  <!-- \u00c9TAPE 1 -->\n  <div class=\"rr-panel active\" id=\"rr-panel-1\">\n    <h3>Choisissez une date et un cr\u00e9neau<\/h3>\n    <div class=\"rr-field\">\n      <label>Date <sup>*<\/sup><\/label>\n      <input type=\"date\" id=\"rr-date\" min=\"2026-04-16\" required \/>\n    <\/div>\n    <div class=\"rr-field\">\n      <label>Nombre de couverts <sup>*<\/sup><\/label>\n      <select id=\"rr-guests\">\n        <option value='1'>1 personne<\/option><option value='2'>2 personnes<\/option><option value='3'>3 personnes<\/option><option value='4'>4 personnes<\/option><option value='5'>5 personnes<\/option><option value='6'>6 personnes<\/option><option value='7'>7 personnes<\/option><option value='8'>8 personnes<\/option><option value='9'>9 personnes<\/option><option value='10'>10 personnes<\/option><option value='11'>11 personnes<\/option><option value='12'>12 personnes<\/option>      <\/select>\n    <\/div>\n    <div class=\"rr-field\">\n      <label>Cr\u00e9neau <sup>*<\/sup><\/label>\n      <div class=\"rr-slots\" id=\"rr-slots\">\n                  <button type=\"button\" class=\"rr-slot-btn\" data-slot=\"1\">\n            Midi 12h00          <\/button>\n                  <button type=\"button\" class=\"rr-slot-btn\" data-slot=\"2\">\n            Midi 12h30          <\/button>\n                  <button type=\"button\" class=\"rr-slot-btn\" data-slot=\"3\">\n            Midi 13h00          <\/button>\n                  <button type=\"button\" class=\"rr-slot-btn\" data-slot=\"4\">\n            Midi 13h30          <\/button>\n                  <button type=\"button\" class=\"rr-slot-btn\" data-slot=\"11\">\n            Midi 14h00          <\/button>\n                  <button type=\"button\" class=\"rr-slot-btn\" data-slot=\"5\">\n            Soir 19h00          <\/button>\n                  <button type=\"button\" class=\"rr-slot-btn\" data-slot=\"6\">\n            Soir 19h30          <\/button>\n                  <button type=\"button\" class=\"rr-slot-btn\" data-slot=\"7\">\n            Soir 20h00          <\/button>\n                  <button type=\"button\" class=\"rr-slot-btn\" data-slot=\"8\">\n            Soir 20h30          <\/button>\n                  <button type=\"button\" class=\"rr-slot-btn\" data-slot=\"9\">\n            Soir 21h00          <\/button>\n              <\/div>\n    <\/div>\n    <button class=\"rr-btn\" id=\"rr-next-1\">Voir les tables disponibles \u2192<\/button>\n  <\/div>\n\n  <!-- \u00c9TAPE 2 -->\n  <div class=\"rr-panel\" id=\"rr-panel-2\">\n    <h3>Tables disponibles<\/h3>\n    <div id=\"rr-tables-list\" class=\"rr-tables-grid\"><\/div>\n    <button class=\"rr-btn rr-btn-secondary\" id=\"rr-back-1\">\u2190 Retour<\/button>\n  <\/div>\n\n  <!-- \u00c9TAPE 3 -->\n  <div class=\"rr-panel\" id=\"rr-panel-3\">\n    <h3>Vos coordonn\u00e9es<\/h3>\n    <div class=\"rr-field\">\n      <label>Nom complet <sup>*<\/sup><\/label>\n      <input type=\"text\" id=\"rr-name\" placeholder=\"Jean Dupont\" required \/>\n    <\/div>\n    <div class=\"rr-field\">\n      <label>Email <sup>*<\/sup><\/label>\n      <input type=\"email\" id=\"rr-email\" placeholder=\"jean@exemple.fr\" required \/>\n    <\/div>\n    <div class=\"rr-field\">\n      <label>T\u00e9l\u00e9phone<\/label>\n      <input type=\"tel\" id=\"rr-phone\" placeholder=\"+33 6 00 00 00 00\" \/>\n    <\/div>\n    <div class=\"rr-field\">\n      <label>Notes \/ Allergies<\/label>\n      <textarea id=\"rr-notes\" rows=\"3\" placeholder=\"Pr\u00e9cisions, r\u00e9gimes sp\u00e9ciaux\u2026\"><\/textarea>\n    <\/div>\n    <div class=\"rr-recap\" id=\"rr-recap\"><\/div>\n    <div class=\"rr-actions\">\n      <button class=\"rr-btn rr-btn-secondary\" id=\"rr-back-2\">\u2190 Retour<\/button>\n      <button class=\"rr-btn\" id=\"rr-submit\">Confirmer la r\u00e9servation \u2713<\/button>\n    <\/div>\n    <div id=\"rr-msg\" class=\"rr-msg\" style=\"display:none;\"><\/div>\n  <\/div>\n\n  <!-- \u00c9TAPE 4 -->\n  <div class=\"rr-panel\" id=\"rr-panel-4\">\n    <div class=\"rr-success\">\n      <div class=\"rr-success-icon\">\u2705<\/div>\n      <h3>R\u00e9servation envoy\u00e9e !<\/h3>\n      <p>Un email de confirmation vous a \u00e9t\u00e9 envoy\u00e9. Nous avons h\u00e2te de vous accueillir !<\/p>\n      <button class=\"rr-btn\" id=\"rr-new\">Faire une nouvelle r\u00e9servation<\/button>\n    <\/div>\n  <\/div>\n<\/div>\n<\/div>\n\t\t\t\t\t\t<\/div>\n\t\t                    <\/div>\r\n        <\/div>\r\n        \t\t\t<\/div>\n\t\t<\/section>\n\t\t\t\t<\/div>\n\t\t","protected":false},"excerpt":{"rendered":"<p>R\u00e9server Par t\u00e9l\u00e9phone uniquement04 67 68 31 38 Adresse 4 Boulevard Mar\u00e9chal Foch, 34250 Palavas-les-Flots Horaires Mer au Sam : 12h &#8211; 13h30 &amp; 19h30 &#8211; 21h30Dimanche :\u00a0 11h45 &#8211; 14h15 Du Mercredi au Samedi : 12h \u00e0 13h30 et de 19h30 \u00e0 21h30Le Dimanche de 11h45 \u00e0 14h15<\/p>\n","protected":false},"author":1,"featured_media":0,"parent":0,"menu_order":0,"comment_status":"closed","ping_status":"closed","template":"","meta":{"footnotes":""},"class_list":["post-709","page","type-page","status-publish","hentry"],"_links":{"self":[{"href":"https:\/\/www.agence-petit-gastronome.fr\/dev\/basilico\/wp-json\/wp\/v2\/pages\/709","targetHints":{"allow":["GET"]}}],"collection":[{"href":"https:\/\/www.agence-petit-gastronome.fr\/dev\/basilico\/wp-json\/wp\/v2\/pages"}],"about":[{"href":"https:\/\/www.agence-petit-gastronome.fr\/dev\/basilico\/wp-json\/wp\/v2\/types\/page"}],"author":[{"embeddable":true,"href":"https:\/\/www.agence-petit-gastronome.fr\/dev\/basilico\/wp-json\/wp\/v2\/users\/1"}],"replies":[{"embeddable":true,"href":"https:\/\/www.agence-petit-gastronome.fr\/dev\/basilico\/wp-json\/wp\/v2\/comments?post=709"}],"version-history":[{"count":47,"href":"https:\/\/www.agence-petit-gastronome.fr\/dev\/basilico\/wp-json\/wp\/v2\/pages\/709\/revisions"}],"predecessor-version":[{"id":8295,"href":"https:\/\/www.agence-petit-gastronome.fr\/dev\/basilico\/wp-json\/wp\/v2\/pages\/709\/revisions\/8295"}],"wp:attachment":[{"href":"https:\/\/www.agence-petit-gastronome.fr\/dev\/basilico\/wp-json\/wp\/v2\/media?parent=709"}],"curies":[{"name":"wp","href":"https:\/\/api.w.org\/{rel}","templated":true}]}}