{"id":249,"date":"2023-07-25T01:56:46","date_gmt":"2023-07-25T01:56:46","guid":{"rendered":"https:\/\/demo.7iquid.tech\/basilico\/main\/?page_id=249"},"modified":"2026-02-07T18:33:56","modified_gmt":"2026-02-07T17:33:56","slug":"nos-actualites","status":"publish","type":"page","link":"https:\/\/www.agence-petit-gastronome.fr\/dev\/basilico\/nos-actualites\/","title":{"rendered":"Nos Actualit\u00e9s"},"content":{"rendered":"\t\t<div data-elementor-type=\"wp-page\" data-elementor-id=\"249\" class=\"elementor elementor-249\">\n\t\t\t\t        <section class=\"elementor-section elementor-top-section elementor-element elementor-element-38e97cb elementor-section-boxed elementor-section-height-default elementor-section-height-default pxl-section-static-pos-no pxl-section-overflow-hidden-no\" data-id=\"38e97cb\" data-element_type=\"section\">\n\n                \n                <div class=\"elementor-container elementor-column-gap-default \">\n                <div class=\"elementor-column elementor-col-100 elementor-top-column elementor-element elementor-element-c9a5159 pxl-column-element-default pxl-column-fullwidth-no\" data-id=\"c9a5159\" data-element_type=\"column\">\r\n        <div class=\"elementor-widget-wrap elementor-element-populated\">\r\n                    \t\t<div class=\"elementor-element elementor-element-7b9643c pxl-heading-align-center pxl-heading-layout-1 elementor-widget elementor-widget-pxl_heading\" data-id=\"7b9643c\" data-element_type=\"widget\" data-widget_type=\"pxl_heading.default\">\n\t\t\t\t<div class=\"elementor-widget-container\">\n\t\t\t\t\t<div class=\"pxl-heading-wrap d-flex layout1\">\n    <div class=\"pxl-heading-inner\">\n                        <h2 class=\"heading-title highlighted style-1\">\n                        Nos actualit\u00e9s                    <\/h2>\n                    <div class=\"heading-description\">\n                <span>D\u00e9couvrez ici nos actualit\u00e9s et menus sp\u00e9ciaux<\/span>\n            <\/div>\n            <\/div>\n<\/div>\t\t\t\t<\/div>\n\t\t\t\t<\/div>\n\t\t\t\t<div class=\"elementor-element elementor-element-ad209ab elementor-widget elementor-widget-pxl_post_grid\" data-id=\"ad209ab\" data-element_type=\"widget\" data-widget_type=\"pxl_post_grid.default\">\n\t\t\t\t<div class=\"elementor-widget-container\">\n\t\t\t\t\t\n<div id=\"pxl_post_grid-ad209ab-6322\" class=\"pxl-grid pxl-post-grid layout-post-1\" data-layout-mode=\"fitRows\" data-start-page=\"1\" data-max-pages=\"2\" data-total=\"10\" data-perpage=\"6\" data-next-link=\"https:\/\/www.agence-petit-gastronome.fr\/dev\/basilico\/wp-json\/wp\/v2\/pages\/249\/page\/2\/\">\n    <div class=\"pxl-grid-overlay\"><\/div>\n    \n    <div class=\"pxl-grid-inner pxl-grid-masonry row relative overflow-hidden animation-time\"> \n                <div class=\"grid-item col-xxl-4 col-xl-4 col-lg-4 col-md-6 col-sm-6 col-12  \" >\n            <div class=\"grid-item-inner\">\n                                    <div class=\"item-featured\">\n                                                    <div class=\"post-date\">\n                                <div class=\"post-day\">\n                                    06                                <\/div>\n                                <div class=\"post-month-year\">\n                                    F\u00e9v 26                                <\/div>\n                            <\/div>\n                                                <div class=\"post-image scale-hover\">\n                            <a href=\"https:\/\/www.agence-petit-gastronome.fr\/dev\/basilico\/menu-st-valentin\/\">\n                                <img loading=\"lazy\" decoding=\"async\" class=\"no-lazyload \" src=\"https:\/\/www.agence-petit-gastronome.fr\/dev\/basilico\/wp-content\/uploads\/2026\/02\/st-valentin-370x453.jpg\" width=\"370\" height=\"453\" alt=\"st-valentin\" title=\"st-valentin\" \/>                            <\/a>\n                                                <h3 class=\"item-title\"><a href=\"https:\/\/www.agence-petit-gastronome.fr\/dev\/basilico\/menu-st-valentin\/\">Menu Saint-Valentin<\/a><\/h3>\n                <\/div>\n            <\/div>\n                <div class=\"item-content\">\n                                        <div class=\"pxl-divider\"><\/div>\n                                        <div class=\"item-excerpt\">\n                    Votre restaurant Le Saint-Georges vous propose son Menu Saint-Valentin pour passer un moment gourmand en amoureux !                <\/div>\n                                        <div class=\"item-readmore pxl-button-wrapper\">\n                    <a class=\"btn-more\" href=\"https:\/\/www.agence-petit-gastronome.fr\/dev\/basilico\/menu-st-valentin\/\">\n                        <span>En savoir plus<\/span>\n                        <i class=\"zmdi zmdi-long-arrow-right\"><\/i>\n                    <\/a>\n                <\/div>\n                    <\/div>\n    <\/div>\n<\/div>\n        <div class=\"grid-item col-xxl-4 col-xl-4 col-lg-4 col-md-6 col-sm-6 col-12  \" >\n            <div class=\"grid-item-inner\">\n                                    <div class=\"item-featured\">\n                                                    <div class=\"post-date\">\n                                <div class=\"post-day\">\n                                    05                                <\/div>\n                                <div class=\"post-month-year\">\n                                    Oct 22                                <\/div>\n                            <\/div>\n                                                <div class=\"post-image scale-hover\">\n                            <a href=\"https:\/\/www.agence-petit-gastronome.fr\/dev\/basilico\/food-is-the-foundation-of-true-happiness\/\">\n                                <img loading=\"lazy\" decoding=\"async\" class=\"no-lazyload \" src=\"https:\/\/www.agence-petit-gastronome.fr\/dev\/basilico\/wp-content\/uploads\/2022\/10\/medina-catering-AdtqezIqv7c-unsplash-scaled-1-370x453.jpg\" width=\"370\" height=\"453\" alt=\"Basilico\" title=\"Basilico\" \/>                            <\/a>\n                                                <h3 class=\"item-title\"><a href=\"https:\/\/www.agence-petit-gastronome.fr\/dev\/basilico\/food-is-the-foundation-of-true-happiness\/\">Food is the foundation of true happiness<\/a><\/h3>\n                <\/div>\n            <\/div>\n                <div class=\"item-content\">\n                                        <div class=\"pxl-divider\"><\/div>\n                                        <div class=\"item-excerpt\">\n                    As the old saying goes, \u201cA\u00a0picture\u00a0is worth 1000 words.\u201d This statement resonates clearly for people in the restaurant business. What sells your\u2026                <\/div>\n                                        <div class=\"item-readmore pxl-button-wrapper\">\n                    <a class=\"btn-more\" href=\"https:\/\/www.agence-petit-gastronome.fr\/dev\/basilico\/food-is-the-foundation-of-true-happiness\/\">\n                        <span>En savoir plus<\/span>\n                        <i class=\"zmdi zmdi-long-arrow-right\"><\/i>\n                    <\/a>\n                <\/div>\n                    <\/div>\n    <\/div>\n<\/div>\n        <div class=\"grid-item col-xxl-4 col-xl-4 col-lg-4 col-md-6 col-sm-6 col-12  \" >\n            <div class=\"grid-item-inner\">\n                                    <div class=\"item-featured\">\n                                                    <div class=\"post-date\">\n                                <div class=\"post-day\">\n                                    05                                <\/div>\n                                <div class=\"post-month-year\">\n                                    Oct 22                                <\/div>\n                            <\/div>\n                                                <div class=\"post-image scale-hover\">\n                            <a href=\"https:\/\/www.agence-petit-gastronome.fr\/dev\/basilico\/how-to-design-a-small-restaurant\/\">\n                                <img loading=\"lazy\" decoding=\"async\" class=\"no-lazyload \" src=\"https:\/\/www.agence-petit-gastronome.fr\/dev\/basilico\/wp-content\/uploads\/2023\/07\/pexels-daria-shevtsova-2053883-370x453.jpg\" width=\"370\" height=\"453\" alt=\"Basilico\" title=\"Basilico\" \/>                            <\/a>\n                                                <h3 class=\"item-title\"><a href=\"https:\/\/www.agence-petit-gastronome.fr\/dev\/basilico\/how-to-design-a-small-restaurant\/\">How to Design a Small Restaurant<\/a><\/h3>\n                <\/div>\n            <\/div>\n                <div class=\"item-content\">\n                                        <div class=\"pxl-divider\"><\/div>\n                                        <div class=\"item-excerpt\">\n                    Lorem ipsum dolor sit amet, consectetur adipisicing elit, sed do eiusmod tempor incididunt utlabor met dolore magna sens aliqua. Ut enim ad\u2026                <\/div>\n                                        <div class=\"item-readmore pxl-button-wrapper\">\n                    <a class=\"btn-more\" href=\"https:\/\/www.agence-petit-gastronome.fr\/dev\/basilico\/how-to-design-a-small-restaurant\/\">\n                        <span>En savoir plus<\/span>\n                        <i class=\"zmdi zmdi-long-arrow-right\"><\/i>\n                    <\/a>\n                <\/div>\n                    <\/div>\n    <\/div>\n<\/div>\n        <div class=\"grid-item col-xxl-4 col-xl-4 col-lg-4 col-md-6 col-sm-6 col-12  \" >\n            <div class=\"grid-item-inner\">\n                                    <div class=\"item-featured\">\n                                                    <div class=\"post-date\">\n                                <div class=\"post-day\">\n                                    05                                <\/div>\n                                <div class=\"post-month-year\">\n                                    Oct 22                                <\/div>\n                            <\/div>\n                                                <div class=\"post-image scale-hover\">\n                            <a href=\"https:\/\/www.agence-petit-gastronome.fr\/dev\/basilico\/how-real-restaurants-approach-benefits\/\">\n                                <img loading=\"lazy\" decoding=\"async\" class=\"no-lazyload \" src=\"https:\/\/www.agence-petit-gastronome.fr\/dev\/basilico\/wp-content\/uploads\/2023\/07\/olesia-buyar-zaiEh-8mznM-unsplash-370x453.jpg\" width=\"370\" height=\"453\" alt=\"Basilico\" title=\"Basilico\" \/>                            <\/a>\n                                                        <div class=\"pxl-media-popup\">\n                                <div class=\"content-inner\">\n                                    <a class=\"media-play-button media-default style-2\" href=\"https:\/\/www.youtube.com\/watch?v=75Co4wHh96w\">\n                                        <i class=\"pxli-play-2\"><\/i>\n                                    <\/a>\n                                <\/div>\n                            <\/div>\n                                            <h3 class=\"item-title\"><a href=\"https:\/\/www.agence-petit-gastronome.fr\/dev\/basilico\/how-real-restaurants-approach-benefits\/\">How Real Restaurants Approach Benefits<\/a><\/h3>\n                <\/div>\n            <\/div>\n                <div class=\"item-content\">\n                                        <div class=\"pxl-divider\"><\/div>\n                                        <div class=\"item-excerpt\">\n                    Lorem ipsum dolor sit amet, consectetur adipisicing elit, sed do eiusmod tempor incididunt utlabor met dolore magna sens aliqua. Ut enim ad\u2026                <\/div>\n                                        <div class=\"item-readmore pxl-button-wrapper\">\n                    <a class=\"btn-more\" href=\"https:\/\/www.agence-petit-gastronome.fr\/dev\/basilico\/how-real-restaurants-approach-benefits\/\">\n                        <span>En savoir plus<\/span>\n                        <i class=\"zmdi zmdi-long-arrow-right\"><\/i>\n                    <\/a>\n                <\/div>\n                    <\/div>\n    <\/div>\n<\/div>\n        <div class=\"grid-item col-xxl-4 col-xl-4 col-lg-4 col-md-6 col-sm-6 col-12  \" >\n            <div class=\"grid-item-inner\">\n                                    <div class=\"item-featured\">\n                                                    <div class=\"post-date\">\n                                <div class=\"post-day\">\n                                    05                                <\/div>\n                                <div class=\"post-month-year\">\n                                    Oct 22                                <\/div>\n                            <\/div>\n                                                <div class=\"post-image scale-hover\">\n                            <a href=\"https:\/\/www.agence-petit-gastronome.fr\/dev\/basilico\/loyalty-is-key-to-keeping-customers-happy-in-the-face-of-rising-prices\/\">\n                                <img loading=\"lazy\" decoding=\"async\" class=\"no-lazyload \" src=\"https:\/\/www.agence-petit-gastronome.fr\/dev\/basilico\/wp-content\/uploads\/2022\/10\/saskia-fairfull-9rDLLDNJaPI-unsplash-blog-370x453.jpg\" width=\"370\" height=\"453\" alt=\"Basilico\" title=\"Basilico\" \/>                            <\/a>\n                                                <h3 class=\"item-title\"><a href=\"https:\/\/www.agence-petit-gastronome.fr\/dev\/basilico\/loyalty-is-key-to-keeping-customers-happy-in-the-face-of-rising-prices\/\">Reaching Out to Help Restaurants Recover<\/a><\/h3>\n                <\/div>\n            <\/div>\n                <div class=\"item-content\">\n                                        <div class=\"pxl-divider\"><\/div>\n                                        <div class=\"item-excerpt\">\n                    Lorem ipsum dolor sit amet, consectetur adipisicing elit, sed do eiusmod tempor incididunt utlabor met dolore magna sens aliqua. Ut enim ad\u2026                <\/div>\n                                        <div class=\"item-readmore pxl-button-wrapper\">\n                    <a class=\"btn-more\" href=\"https:\/\/www.agence-petit-gastronome.fr\/dev\/basilico\/loyalty-is-key-to-keeping-customers-happy-in-the-face-of-rising-prices\/\">\n                        <span>En savoir plus<\/span>\n                        <i class=\"zmdi zmdi-long-arrow-right\"><\/i>\n                    <\/a>\n                <\/div>\n                    <\/div>\n    <\/div>\n<\/div>\n        <div class=\"grid-item col-xxl-4 col-xl-4 col-lg-4 col-md-6 col-sm-6 col-12  \" >\n            <div class=\"grid-item-inner\">\n                                    <div class=\"item-featured\">\n                                                    <div class=\"post-date\">\n                                <div class=\"post-day\">\n                                    05                                <\/div>\n                                <div class=\"post-month-year\">\n                                    Oct 22                                <\/div>\n                            <\/div>\n                                                <div class=\"post-image scale-hover\">\n                            <a href=\"https:\/\/www.agence-petit-gastronome.fr\/dev\/basilico\/the-impact-of-the-new-steps-of-service\/\">\n                                <img loading=\"lazy\" decoding=\"async\" class=\"no-lazyload \" src=\"https:\/\/www.agence-petit-gastronome.fr\/dev\/basilico\/wp-content\/uploads\/2023\/07\/schermata-2020-07-09-alle-09-55-51-1-370x453.jpg\" width=\"370\" height=\"453\" alt=\"Basilico\" title=\"Basilico\" \/>                            <\/a>\n                                                        <div class=\"pxl-media-popup featured-audio\">\n                                <div class=\"content-inner\">\n                                    <a class=\"media-play-button media-default\" href=\"https:\/\/demo.7iquid.tech\/basilico\/main\/wp-content\/uploads\/2023\/08\/hip-hop_flamenco-rose_short-159581.mp3\">\n                                        <i class=\"zmdi zmdi-volume-up\"><\/i>\n                                    <\/a>\n                                <\/div>\n                            <\/div>\n                                                                <h3 class=\"item-title\"><a href=\"https:\/\/www.agence-petit-gastronome.fr\/dev\/basilico\/the-impact-of-the-new-steps-of-service\/\">The Impact of The New Steps of Service<\/a><\/h3>\n                <\/div>\n            <\/div>\n                <div class=\"item-content\">\n                                        <div class=\"pxl-divider\"><\/div>\n                                        <div class=\"item-excerpt\">\n                    Lorem ipsum dolor sit amet, consectetur adipisicing elit, sed do eiusmod tempor incididunt utlabor met dolore magna sens aliqua. Ut enim ad\u2026                <\/div>\n                                        <div class=\"item-readmore pxl-button-wrapper\">\n                    <a class=\"btn-more\" href=\"https:\/\/www.agence-petit-gastronome.fr\/dev\/basilico\/the-impact-of-the-new-steps-of-service\/\">\n                        <span>En savoir plus<\/span>\n                        <i class=\"zmdi zmdi-long-arrow-right\"><\/i>\n                    <\/a>\n                <\/div>\n                    <\/div>\n    <\/div>\n<\/div>\n    <\/div>\n    \n        <\/div>\t\t\t\t<\/div>\n\t\t\t\t<\/div>\n\t\t                    <\/div>\r\n        <\/div>\r\n        \t\t\t<\/div>\n\t\t<\/section>\n\t\t\t\t<\/div>\n\t\t","protected":false},"excerpt":{"rendered":"<p>Nos actualit\u00e9s D\u00e9couvrez ici nos actualit\u00e9s et menus sp\u00e9ciaux 06 F\u00e9v 26 Menu St-Valentin Notre menu de la Saint-Valentin 2026 En savoir plus 05 Oct 22 Food is the foundation of true happiness Nos actualit\u00e9s D\u00e9couvrez ici nos actualit\u00e9s et menus sp\u00e9ciaux 05 Oct 22 How to Design a Small Restaurant Lorem ipsum dolor sit\u2026 [&hellip;]<\/p>\n","protected":false},"author":1,"featured_media":0,"parent":0,"menu_order":0,"comment_status":"closed","ping_status":"closed","template":"","meta":{"footnotes":""},"class_list":["post-249","page","type-page","status-publish","hentry"],"_links":{"self":[{"href":"https:\/\/www.agence-petit-gastronome.fr\/dev\/basilico\/wp-json\/wp\/v2\/pages\/249","targetHints":{"allow":["GET"]}}],"collection":[{"href":"https:\/\/www.agence-petit-gastronome.fr\/dev\/basilico\/wp-json\/wp\/v2\/pages"}],"about":[{"href":"https:\/\/www.agence-petit-gastronome.fr\/dev\/basilico\/wp-json\/wp\/v2\/types\/page"}],"author":[{"embeddable":true,"href":"https:\/\/www.agence-petit-gastronome.fr\/dev\/basilico\/wp-json\/wp\/v2\/users\/1"}],"replies":[{"embeddable":true,"href":"https:\/\/www.agence-petit-gastronome.fr\/dev\/basilico\/wp-json\/wp\/v2\/comments?post=249"}],"version-history":[{"count":13,"href":"https:\/\/www.agence-petit-gastronome.fr\/dev\/basilico\/wp-json\/wp\/v2\/pages\/249\/revisions"}],"predecessor-version":[{"id":7930,"href":"https:\/\/www.agence-petit-gastronome.fr\/dev\/basilico\/wp-json\/wp\/v2\/pages\/249\/revisions\/7930"}],"wp:attachment":[{"href":"https:\/\/www.agence-petit-gastronome.fr\/dev\/basilico\/wp-json\/wp\/v2\/media?parent=249"}],"curies":[{"name":"wp","href":"https:\/\/api.w.org\/{rel}","templated":true}]}}